{"id":2,"date":"2022-06-01T20:23:48","date_gmt":"2022-06-01T20:23:48","guid":{"rendered":"http:\/\/distilleriefilsduroy.com\/?page_id=2"},"modified":"2022-06-28T19:55:45","modified_gmt":"2022-06-28T22:55:45","slug":"sample-page","status":"publish","type":"page","link":"https:\/\/distilleriefilsduroy.com\/en\/sample-page\/","title":{"rendered":"Distillerie Fils du Roy"},"content":{"rendered":"<div class=\"wp-block-image\">\n<figure class=\"aligncenter size-full is-resized\"><img decoding=\"async\" data-src=\"http:\/\/distilleriefilsduroy.com\/wp-content\/uploads\/2022\/06\/fdr-logo.png\" alt=\"\" class=\"wp-image-4747 lazyload\" width=\"300\" height=\"284\" data-srcset=\"https:\/\/distilleriefilsduroy.com\/wp-content\/uploads\/2022\/06\/fdr-logo.png 600w, https:\/\/distilleriefilsduroy.com\/wp-content\/uploads\/2022\/06\/fdr-logo-300x284.png 300w\" data-sizes=\"(max-width: 300px) 100vw, 300px\" src=\"data:image\/svg+xml;base64,PHN2ZyB3aWR0aD0iMSIgaGVpZ2h0PSIxIiB4bWxucz0iaHR0cDovL3d3dy53My5vcmcvMjAwMC9zdmciPjwvc3ZnPg==\" style=\"--smush-placeholder-width: 300px; --smush-placeholder-aspect-ratio: 300\/284;\" \/><\/figure>\n<\/div>\n\n\n<h5 class=\"gb-headline gb-headline-08163dca gb-headline-text\">Notre nouveau site web est en construction<\/h5>\n\n\n\n<h2 class=\"gb-headline gb-headline-54c59b3c gb-headline-text\">Nouveau-Brunswick<\/h2>\n\n\n<div class=\"gb-container gb-container-d654b43f\"><div class=\"gb-inside-container\">\n\n<h4 class=\"gb-headline gb-headline-e7e9a99e\"><span class=\"gb-icon\"><svg aria-hidden=\"true\" role=\"img\" height=\"1em\" width=\"1em\" viewBox=\"0 0 384 512\" xmlns=\"http:\/\/www.w3.org\/2000\/svg\"><path fill=\"currentColor\" d=\"M172.268 501.67C26.97 291.031 0 269.413 0 192 0 85.961 85.961 0 192 0s192 85.961 192 192c0 77.413-26.97 99.031-172.268 309.67-9.535 13.774-29.93 13.773-39.464 0zM192 272c44.183 0 80-35.817 80-80s-35.817-80-80-80-80 35.817-80 80 35.817 80 80 80z\"><\/path><\/svg><\/span><span class=\"gb-headline-text\"><a href=\"https:\/\/www.google.ca\/maps\/place\/Distillerie+Fils+du+Roy\/@47.6953234,-65.0640701,17z\/data=!3m1!4b1!4m5!3m4!1s0x4c98ce80ee61ea61:0xe27d5432d916b7!8m2!3d47.6953234!4d-65.0618814\">599 Chem. Principale, Petit-Paquetville, NB E8R 1G7<\/a><\/span><\/h4>\n\n\n\n<h4 class=\"gb-headline gb-headline-516e2892\"><span class=\"gb-icon\"><svg aria-hidden=\"true\" role=\"img\" height=\"1em\" width=\"1em\" viewBox=\"0 0 512 512\" xmlns=\"http:\/\/www.w3.org\/2000\/svg\"><path fill=\"currentColor\" d=\"M493.4 24.6l-104-24c-11.3-2.6-22.9 3.3-27.5 13.9l-48 112c-4.2 9.8-1.4 21.3 6.9 28l60.6 49.6c-36 76.7-98.9 140.5-177.2 177.2l-49.6-60.6c-6.8-8.3-18.2-11.1-28-6.9l-112 48C3.9 366.5-2 378.1.6 389.4l24 104C27.1 504.2 36.7 512 48 512c256.1 0 464-207.5 464-464 0-11.2-7.7-20.9-18.6-23.4z\"><\/path><\/svg><\/span><span class=\"gb-headline-text\"><a href=\"tel:+15067642046\">(506) 764-2046<\/a><\/span><\/h4>\n\n\n\n<h4 class=\"gb-headline gb-headline-2567140c\"><span class=\"gb-icon\"><svg aria-hidden=\"true\" role=\"img\" height=\"1em\" width=\"1em\" viewBox=\"0 0 320 512\" xmlns=\"http:\/\/www.w3.org\/2000\/svg\"><path fill=\"currentColor\" d=\"M279.14 288l14.22-92.66h-88.91v-60.13c0-25.35 12.42-50.06 52.24-50.06h40.42V6.26S260.43 0 225.36 0c-73.22 0-121.08 44.38-121.08 124.72v70.62H22.89V288h81.39v224h100.17V288z\"><\/path><\/svg><\/span><span class=\"gb-headline-text\"><a href=\"https:\/\/www.facebook.com\/DistillerieFilsDuRoyInc\">Facebook<\/a><\/span><\/h4>\n\n<\/div><\/div>\n\n<div class=\"gb-container gb-container-d645f692\"><div class=\"gb-inside-container\">\n\n<h6 class=\"gb-headline gb-headline-822778a0\"><span class=\"gb-icon\"><svg aria-hidden=\"true\" role=\"img\" height=\"1em\" width=\"1em\" viewBox=\"0 0 512 512\" xmlns=\"http:\/\/www.w3.org\/2000\/svg\"><path fill=\"currentColor\" d=\"M256 8C119 8 8 119 8 256s111 248 248 248 248-111 248-248S393 8 256 8zm92.49 313l-20 25a16 16 0 01-22.49 2.5l-67-49.72a40 40 0 01-15-31.23V112a16 16 0 0116-16h32a16 16 0 0116 16v144l58 42.5a16 16 0 012.49 22.5z\"><\/path><\/svg><\/span><span class=\"gb-headline-text\">Lundi au samedi&nbsp;: 10h \u00e0 17h<\/span><\/h6>\n\n\n\n<h6 class=\"gb-headline gb-headline-8b4d0d71\"><span class=\"gb-icon\"><svg aria-hidden=\"true\" role=\"img\" height=\"1em\" width=\"1em\" viewBox=\"0 0 512 512\" xmlns=\"http:\/\/www.w3.org\/2000\/svg\"><path fill=\"currentColor\" d=\"M256 8C119 8 8 119 8 256s111 248 248 248 248-111 248-248S393 8 256 8zm0 448c-110.5 0-200-89.5-200-200S145.5 56 256 56s200 89.5 200 200-89.5 200-200 200zm61.8-104.4l-84.9-61.7c-3.1-2.3-4.9-5.9-4.9-9.7V116c0-6.6 5.4-12 12-12h32c6.6 0 12 5.4 12 12v141.7l66.8 48.6c5.4 3.9 6.5 11.4 2.6 16.8L334.6 349c-3.9 5.3-11.4 6.5-16.8 2.6z\"><\/path><\/svg><\/span><span class=\"gb-headline-text\">Dimanche&nbsp;: Ferm\u00e9 ( 10h \u00e0 17h du 15 juillet au 15 ao\u00fbt pour l\u2019horaire d\u2019\u00e9t\u00e9)<\/span><\/h6>\n\n<\/div><\/div>\n\n\n<h2 class=\"gb-headline gb-headline-d64745ae gb-headline-text\">Qu\u00e9bec<\/h2>\n\n\n<div class=\"gb-container gb-container-18bfdbe3\"><div class=\"gb-inside-container\">\n\n<h4 class=\"gb-headline gb-headline-a78dfcff\"><span class=\"gb-icon\"><svg aria-hidden=\"true\" role=\"img\" height=\"1em\" width=\"1em\" viewBox=\"0 0 384 512\" xmlns=\"http:\/\/www.w3.org\/2000\/svg\"><path fill=\"currentColor\" d=\"M172.268 501.67C26.97 291.031 0 269.413 0 192 0 85.961 85.961 0 192 0s192 85.961 192 192c0 77.413-26.97 99.031-172.268 309.67-9.535 13.774-29.93 13.773-39.464 0zM192 272c44.183 0 80-35.817 80-80s-35.817-80-80-80-80 35.817-80 80 35.817 80 80 80z\"><\/path><\/svg><\/span><span class=\"gb-headline-text\"><a href=\"https:\/\/www.google.com\/maps\/place\/Distillerie+Fils+du+Roy\/@47.9153586,-69.4372101,15z\/data=!4m2!3m1!1s0x0:0x9a9e03ecb9457ab?sa=X&amp;hl=en&amp;ved=2ahUKEwir8ey86o74AhWQs4QIHS2sAuMQ_BJ6BAhQEAU\">37 Rue de l&#8217;\u00c9glise, Saint-Ars\u00e8ne, QC G0L 2K0<\/a><\/span><\/h4>\n\n\n\n<h4 class=\"gb-headline gb-headline-9636c318\"><span class=\"gb-icon\"><svg aria-hidden=\"true\" role=\"img\" height=\"1em\" width=\"1em\" viewBox=\"0 0 512 512\" xmlns=\"http:\/\/www.w3.org\/2000\/svg\"><path fill=\"currentColor\" d=\"M493.4 24.6l-104-24c-11.3-2.6-22.9 3.3-27.5 13.9l-48 112c-4.2 9.8-1.4 21.3 6.9 28l60.6 49.6c-36 76.7-98.9 140.5-177.2 177.2l-49.6-60.6c-6.8-8.3-18.2-11.1-28-6.9l-112 48C3.9 366.5-2 378.1.6 389.4l24 104C27.1 504.2 36.7 512 48 512c256.1 0 464-207.5 464-464 0-11.2-7.7-20.9-18.6-23.4z\"><\/path><\/svg><\/span><span class=\"gb-headline-text\"><a href=\"tel:+14188168555\">(418) 816-8555<\/a><\/span><\/h4>\n\n\n\n<h4 class=\"gb-headline gb-headline-4e36949b\"><span class=\"gb-icon\"><svg aria-hidden=\"true\" role=\"img\" height=\"1em\" width=\"1em\" viewBox=\"0 0 320 512\" xmlns=\"http:\/\/www.w3.org\/2000\/svg\"><path fill=\"currentColor\" d=\"M279.14 288l14.22-92.66h-88.91v-60.13c0-25.35 12.42-50.06 52.24-50.06h40.42V6.26S260.43 0 225.36 0c-73.22 0-121.08 44.38-121.08 124.72v70.62H22.89V288h81.39v224h100.17V288z\"><\/path><\/svg><\/span><span class=\"gb-headline-text\"><a href=\"https:\/\/www.facebook.com\/DistillerieFilsduRoyQuebec\">Facebook<\/a><\/span><\/h4>\n\n<\/div><\/div>\n\n<div class=\"gb-container gb-container-f7fd10df\"><div class=\"gb-inside-container\">\n\n<h6 class=\"gb-headline gb-headline-0b59a463\"><span class=\"gb-icon\"><svg aria-hidden=\"true\" role=\"img\" height=\"1em\" width=\"1em\" viewBox=\"0 0 512 512\" xmlns=\"http:\/\/www.w3.org\/2000\/svg\"><path fill=\"currentColor\" d=\"M256 8C119 8 8 119 8 256s111 248 248 248 248-111 248-248S393 8 256 8zm92.49 313l-20 25a16 16 0 01-22.49 2.5l-67-49.72a40 40 0 01-15-31.23V112a16 16 0 0116-16h32a16 16 0 0116 16v144l58 42.5a16 16 0 012.49 22.5z\"><\/path><\/svg><\/span><span class=\"gb-headline-text\">Mercredi au dimanche : 10h \u00e0 17h<\/span><\/h6>\n\n\n\n<h6 class=\"gb-headline gb-headline-be0a75a4\"><span class=\"gb-icon\"><svg aria-hidden=\"true\" role=\"img\" height=\"1em\" width=\"1em\" viewBox=\"0 0 512 512\" xmlns=\"http:\/\/www.w3.org\/2000\/svg\"><path fill=\"currentColor\" d=\"M256 8C119 8 8 119 8 256s111 248 248 248 248-111 248-248S393 8 256 8zm0 448c-110.5 0-200-89.5-200-200S145.5 56 256 56s200 89.5 200 200-89.5 200-200 200zm61.8-104.4l-84.9-61.7c-3.1-2.3-4.9-5.9-4.9-9.7V116c0-6.6 5.4-12 12-12h32c6.6 0 12 5.4 12 12v141.7l66.8 48.6c5.4 3.9 6.5 11.4 2.6 16.8L334.6 349c-3.9 5.3-11.4 6.5-16.8 2.6z\"><\/path><\/svg><\/span><span class=\"gb-headline-text\">Lundi et mardi&nbsp;: Ferm\u00e9<\/span><\/h6>\n\n<\/div><\/div>","protected":false},"excerpt":{"rendered":"<p>Notre nouveau site web est en construction Nouveau-Brunswick 599 Chem. Principale, Petit-Paquetville, NB E8R 1G7 (506) 764-2046 Facebook Lundi au samedi&nbsp;: 10h &#8230; <a title=\"Distillerie Fils du Roy\" class=\"read-more\" href=\"https:\/\/distilleriefilsduroy.com\/en\/sample-page\/\" aria-label=\"Read more about Distillerie Fils du Roy\">Read more<\/a><\/p>\n","protected":false},"author":1,"featured_media":0,"parent":0,"menu_order":0,"comment_status":"closed","ping_status":"open","template":"","meta":{"footnotes":""},"class_list":["post-2","page","type-page","status-publish"],"_links":{"self":[{"href":"https:\/\/distilleriefilsduroy.com\/en\/wp-json\/wp\/v2\/pages\/2","targetHints":{"allow":["GET"]}}],"collection":[{"href":"https:\/\/distilleriefilsduroy.com\/en\/wp-json\/wp\/v2\/pages"}],"about":[{"href":"https:\/\/distilleriefilsduroy.com\/en\/wp-json\/wp\/v2\/types\/page"}],"author":[{"embeddable":true,"href":"https:\/\/distilleriefilsduroy.com\/en\/wp-json\/wp\/v2\/users\/1"}],"replies":[{"embeddable":true,"href":"https:\/\/distilleriefilsduroy.com\/en\/wp-json\/wp\/v2\/comments?post=2"}],"version-history":[{"count":5,"href":"https:\/\/distilleriefilsduroy.com\/en\/wp-json\/wp\/v2\/pages\/2\/revisions"}],"predecessor-version":[{"id":4754,"href":"https:\/\/distilleriefilsduroy.com\/en\/wp-json\/wp\/v2\/pages\/2\/revisions\/4754"}],"wp:attachment":[{"href":"https:\/\/distilleriefilsduroy.com\/en\/wp-json\/wp\/v2\/media?parent=2"}],"curies":[{"name":"wp","href":"https:\/\/api.w.org\/{rel}","templated":true}]}}