{"id":5427,"date":"2023-04-19T10:23:29","date_gmt":"2023-04-19T13:23:29","guid":{"rendered":"http:\/\/distilleriefilsduroy.com\/?post_type=product&#038;p=5427"},"modified":"2024-07-08T17:08:20","modified_gmt":"2024-07-08T20:08:20","slug":"slaite-mhait-single-malt-whiskey","status":"publish","type":"product","link":"https:\/\/distilleriefilsduroy.com\/en\/product\/slaite-mhait-single-malt-whiskey\/","title":{"rendered":"Sl\u00e0\u00edte Mha\u00edt Single Malt Whiskey"},"content":{"rendered":"<p>The painting by Liliane Riordon is inspired by the stories of Pierre \u00e0 Jules Robichaud that tell a story of mutial aid between Acadians and Irish. According to Robichaud, Irish ships remained quarantined at sea for a whole winter, supplied by Acadians.<\/p>\n<p>Some Irish had to leave their children with Acadian families because they were in such difficylty after this ordeal.<\/p>\n","protected":false},"excerpt":{"rendered":"<p>Single malt whiskey made with local barley<\/p>\n<p>750 mL<\/p>\n","protected":false},"featured_media":5431,"comment_status":"closed","ping_status":"closed","template":"","meta":[],"product_brand":[],"product_cat":[91,21,48],"product_tag":[],"class_list":{"0":"post-5427","1":"product","2":"type-product","3":"status-publish","4":"has-post-thumbnail","6":"product_cat-all-products","7":"product_cat-spirits","8":"product_cat-whisky","9":"sales-flash-overlay","10":"woocommerce-text-align-center","11":"woocommerce-image-align-center","12":"do-quantity-buttons","14":"first","15":"outofstock","16":"taxable","17":"shipping-taxable","18":"purchasable","19":"product-type-simple"},"_links":{"self":[{"href":"https:\/\/distilleriefilsduroy.com\/en\/wp-json\/wp\/v2\/product\/5427","targetHints":{"allow":["GET"]}}],"collection":[{"href":"https:\/\/distilleriefilsduroy.com\/en\/wp-json\/wp\/v2\/product"}],"about":[{"href":"https:\/\/distilleriefilsduroy.com\/en\/wp-json\/wp\/v2\/types\/product"}],"replies":[{"embeddable":true,"href":"https:\/\/distilleriefilsduroy.com\/en\/wp-json\/wp\/v2\/comments?post=5427"}],"wp:featuredmedia":[{"embeddable":true,"href":"https:\/\/distilleriefilsduroy.com\/en\/wp-json\/wp\/v2\/media\/5431"}],"wp:attachment":[{"href":"https:\/\/distilleriefilsduroy.com\/en\/wp-json\/wp\/v2\/media?parent=5427"}],"wp:term":[{"taxonomy":"product_brand","embeddable":true,"href":"https:\/\/distilleriefilsduroy.com\/en\/wp-json\/wp\/v2\/product_brand?post=5427"},{"taxonomy":"product_cat","embeddable":true,"href":"https:\/\/distilleriefilsduroy.com\/en\/wp-json\/wp\/v2\/product_cat?post=5427"},{"taxonomy":"product_tag","embeddable":true,"href":"https:\/\/distilleriefilsduroy.com\/en\/wp-json\/wp\/v2\/product_tag?post=5427"}],"curies":[{"name":"wp","href":"https:\/\/api.w.org\/{rel}","templated":true}]}}